{"id":16765,"date":"2015-10-16T18:39:46","date_gmt":"2015-10-16T15:39:46","guid":{"rendered":"http:\/\/tt.ksd.ro\/?page_id=16765"},"modified":"2026-02-04T00:28:40","modified_gmt":"2026-02-03T22:28:40","slug":"cum-aplic","status":"publish","type":"page","link":"https:\/\/www.tineretalente.org\/index.php\/cum-aplic\/","title":{"rendered":"Cum aplic"},"content":{"rendered":"<div      class=\"vc_row wpb_row section vc_row-fluid\" style=' text-align:left;'><div class=\" full_section_inner clearfix\">\n\t<div class=\"vc_col-sm-12 wpb_column vc_column_container \">\n\t\t<div class=\"wpb_wrapper\">\n\t\t\t\n\t<div class=\"wpb_text_column wpb_content_element \">\n\t\t<div class=\"wpb_wrapper\">\n\t\t\t<h1>Cum aplic<\/h1>\n\n\t\t<\/div> \n\t<\/div> <div class=\"separator  small left  \" style=\"margin-top: 5px;margin-bottom: 5px;background-color: #d5a10c;height: 3px;\"><\/div>\n\n\t\t<\/div> \n\t<\/div> \n<\/div><\/div><div      class=\"vc_row wpb_row section vc_row-fluid\" style=' text-align:left;'><div class=\" full_section_inner clearfix\">\n\t<div class=\"vc_col-sm-12 wpb_column vc_column_container \">\n\t\t<div class=\"wpb_wrapper\">\n\t\t\t\n\t<div class=\"wpb_text_column wpb_content_element \">\n\t\t<div class=\"wpb_wrapper\">\n\t\t\t<p>Candida\u021bii pentru <strong>bursele <em>Tinere Talente<\/em> <\/strong>trebuie s\u0103 \u00eendeplineasc\u0103 urm\u0103toarele <strong>criterii de eligibilitate<\/strong>:<\/p>\n<p>&nbsp;<\/p>\n<ol>\n<li>s\u0103 aib\u0103 v\u00e2rsta cuprins\u0103 \u00eentre 14 \u0219i 24 de ani<\/li>\n<li>s\u0103 studieze la liceele sau universit\u0103\u021bile de art\u0103 vizual\u0103 \u0219i muzic\u0103 din Rom\u00e2nia<\/li>\n<li>s\u0103 provin\u0103 din familii cu venitul de sub 2.800 LEI\/membru de familie \u0219i s\u0103 poat\u0103 dovedi c\u0103 nu dispun de mijloace financiare pentru a-\u0219i perfec\u021biona talentul<\/li>\n<\/ol>\n<p><strong><em>* Cei care au beneficiat de 3 ori de bursa Tinere Talente nu mai sunt eligibili.<\/em><\/strong><\/p>\n<p>&nbsp;<\/p>\n<p><strong>Dosarul de candidatur\u0103 pentru BURSA TINERE TALENTE trebuie s\u0103 includ\u0103:<\/strong><\/p>\n\n\t\t<\/div> \n\t<\/div> \n\t<div class=\"wpb_text_column wpb_content_element  vc_custom_1762096920688\">\n\t\t<div class=\"wpb_wrapper\">\n\t\t\t<ol>\n<li><strong>Formularul de \u00eenscriere se descarc\u0103 de <a href=\"https:\/\/www.tineretalente.org\/wp-content\/uploads\/Formular-de-inscriere-Program-Tinere-Talente-2026.docx\">aici.<\/a><\/strong> (link direct: <a href=\"https:\/\/www.tineretalente.org\/wp-content\/uploads\/Formular-de-inscriere-Program-Tinere-Talente-2026.docx\">https:\/\/www.tineretalente.org\/wp-content\/uploads\/Formular-de-inscriere-Program-Tinere-Talente-2026.docx<\/a> )<\/li>\n<\/ol>\n<p><strong><em>Formularul\u00a0va fi \u00eenso\u021bit de documente justificative pentru situa\u021bia material\u0103 prezentat\u0103 <\/em><\/strong><em>(flutura\u0219 de salariu sau adeverin\u021b\u0103 de venit, copie talon de pensie, copie indemniza\u021bie de \u0219omaj, dup\u0103 caz ). P<\/em><em>entru membrii familiei care nu au venituri, dar au peste 18 ani \u0219i nu sunt \u00eenscri\u0219i \u00eentr-o form\u0103 de \u00eenv\u0103\u021b\u0103m\u00e2nt, se va ata\u0219a o declara\u021bie pe proprie r\u0103spundere conform c\u0103reia ace\u0219tia nu realizeaz\u0103 venituri. Aceste documente scanate se ata\u0219eaz\u0103 pentru p\u0103rin\u021bi, bunici \u0219i fra\u021bi care locuiesc \u00een aceea\u0219i gospod\u0103rie cu persoana care aplic\u0103.<\/em><\/p>\n\n\t\t<\/div> \n\t<\/div> \n\t<div class=\"wpb_text_column wpb_content_element  vc_custom_1667386138906\">\n\t\t<div class=\"wpb_wrapper\">\n\t\t\t<p><strong>2.<\/strong> <b>Curriculum vitae <\/b>va con\u021bine date de contact (e-mail \u0219i telefon), concursurile la care a participat candidatul, diplome \u0219i premii ob\u021binute etc. (CV-ul nu trebuie s\u0103 dep\u0103\u0219easc\u0103 3 pagini). Nu se trimit copii dup\u0103 diplome!<\/p>\n\n\t\t<\/div> \n\t<\/div> \n\t<div class=\"wpb_text_column wpb_content_element  vc_custom_1762097099404\">\n\t\t<div class=\"wpb_wrapper\">\n\t\t\t<p><strong>3. <\/strong><strong>Portofoliul artistic \u2013 <\/strong>pentru <strong>arti\u0219tii vizuali<\/strong>, dosarul de candidatur\u0103 trebuie s\u0103 includ\u0103 un portofoliu artistic care s\u0103 con\u021bin\u0103 20 de lucr\u0103ri \u00een format pdf, iar <strong>selec\u021bia preliminar\u0103<\/strong> se va realiza pe baza acestuia.<\/p>\n<p>&nbsp;<\/p>\n<p><strong>4. O scrisoare de recomandare din partea unui profesor de specialitate <\/strong>\u00een care se va face referire la calit\u0103\u021bile artistice \u0219i cele umane ale candidatului (de exemplu: perseveren\u021b\u0103, dedica\u021bie, punctualitate, respect fa\u021b\u0103 de ceilal\u021bi etc.)<\/p>\n\n\t\t<\/div> \n\t<\/div> \n\t<div class=\"wpb_text_column wpb_content_element  vc_custom_1762097110815\">\n\t\t<div class=\"wpb_wrapper\">\n\t\t\t<p><strong>5. <\/strong><strong>Adeverin\u021b\u0103 de elev\/student sau copie dup\u0103 carnetul de elev\/student<\/strong><\/p>\n\n\t\t<\/div> \n\t<\/div> \n\t<div class=\"wpb_text_column wpb_content_element \">\n\t\t<div class=\"wpb_wrapper\">\n\t\t\t<p><strong>6. Copie act de identitate buletin\/carte de identitate sau certificat de na\u0219tere.<\/strong><\/p>\n\n\t\t<\/div> \n\t<\/div> \n\t<div class=\"wpb_text_column wpb_content_element \">\n\t\t<div class=\"wpb_wrapper\">\n\t\t\t<p><strong>7. Acord prelucrare date personale<\/strong>\u00a0pe care \u00eel po\u021bi desc\u0103rca de\u00a0<a href=\"https:\/\/www.tineretalente.org\/wp-content\/uploads\/GDPR-inscriere-Tinere-Talente-2026.docx\"><strong>aici.<\/strong><\/a><\/p>\n\n\t\t<\/div> \n\t<\/div> <div class=\"separator  normal center  \" style=\"background-color: #000000;\"><\/div>\n\n\t\t<\/div> \n\t<\/div> \n\n\t<div class=\"vc_col-sm-12 wpb_column vc_column_container \">\n\t\t<div class=\"wpb_wrapper\">\n\t\t\t\n\t<div class=\"wpb_text_column wpb_content_element  vc_custom_1762096996337\">\n\t\t<div class=\"wpb_wrapper\">\n\t\t\t<p><span style=\"color: #d88702;\"><strong>Dosarul complet se trimite pana la data de 3 decembrie 2025<\/strong>, astfel:\u00a0<\/span><\/p>\n\n\t\t<\/div> \n\t<\/div> \n\t<div class=\"wpb_text_column wpb_content_element  vc_custom_1698654175854\">\n\t\t<div class=\"wpb_wrapper\">\n\t\t\t<p>prin e-mail la adresa <strong>tineretalente@fundatiaregala.ro<\/strong><\/p>\n<p>&nbsp;<\/p>\n<p>Pentru <strong>informa\u021bii suplimentare<\/strong>, v\u0103 rug\u0103m s\u0103 ne contacta\u021bi la <strong>num\u0103rul 031 405 55 54<\/strong> sau la adresa: <strong><a href=\"mailto:tineretalente@principesa.ro\">tineretalente@fundatiaregala.ro<\/a>.<\/strong><\/p>\n\n\t\t<\/div> \n\t<\/div> \n\t\t<\/div> \n\t<\/div> \n<\/div><\/div>\n","protected":false},"excerpt":{"rendered":"Cum aplic Candida\u021bii pentru bursele Tinere Talente trebuie s\u0103 \u00eendeplineasc\u0103 urm\u0103toarele criterii de eligibilitate: &nbsp; s\u0103 aib\u0103 v\u00e2rsta cuprins\u0103 \u00eentre 14 \u0219i 24 de ani s\u0103 studieze la liceele sau universit\u0103\u021bile de art\u0103 vizual\u0103 \u0219i muzic\u0103 din Rom\u00e2nia s\u0103 provin\u0103 din familii cu venitul de...","protected":false},"author":1,"featured_media":0,"parent":0,"menu_order":0,"comment_status":"closed","ping_status":"closed","template":"","meta":[],"_links":{"self":[{"href":"https:\/\/www.tineretalente.org\/index.php\/wp-json\/wp\/v2\/pages\/16765"}],"collection":[{"href":"https:\/\/www.tineretalente.org\/index.php\/wp-json\/wp\/v2\/pages"}],"about":[{"href":"https:\/\/www.tineretalente.org\/index.php\/wp-json\/wp\/v2\/types\/page"}],"author":[{"embeddable":true,"href":"https:\/\/www.tineretalente.org\/index.php\/wp-json\/wp\/v2\/users\/1"}],"replies":[{"embeddable":true,"href":"https:\/\/www.tineretalente.org\/index.php\/wp-json\/wp\/v2\/comments?post=16765"}],"version-history":[{"count":59,"href":"https:\/\/www.tineretalente.org\/index.php\/wp-json\/wp\/v2\/pages\/16765\/revisions"}],"predecessor-version":[{"id":19930,"href":"https:\/\/www.tineretalente.org\/index.php\/wp-json\/wp\/v2\/pages\/16765\/revisions\/19930"}],"wp:attachment":[{"href":"https:\/\/www.tineretalente.org\/index.php\/wp-json\/wp\/v2\/media?parent=16765"}],"curies":[{"name":"wp","href":"https:\/\/api.w.org\/{rel}","templated":true}]}}