{"id":16769,"date":"2015-10-16T18:40:48","date_gmt":"2015-10-16T15:40:48","guid":{"rendered":"http:\/\/tt.ksd.ro\/?page_id=16769"},"modified":"2026-02-04T00:30:47","modified_gmt":"2026-02-03T22:30:47","slug":"intrebari-frecvente","status":"publish","type":"page","link":"https:\/\/www.tineretalente.org\/index.php\/intrebari-frecvente\/","title":{"rendered":"\u00centreb\u0103ri frecvente"},"content":{"rendered":"<div      class=\"vc_row wpb_row section vc_row-fluid\" style=' text-align:left;'><div class=\" full_section_inner clearfix\">\n\t<div class=\"vc_col-sm-12 wpb_column vc_column_container \">\n\t\t<div class=\"wpb_wrapper\">\n\t\t\t\n\t<div class=\"wpb_text_column wpb_content_element \">\n\t\t<div class=\"wpb_wrapper\">\n\t\t\t<h1>Intrebari frecvente<\/h1>\n\n\t\t<\/div> \n\t<\/div> <div class=\"separator  small left  \" style=\"margin-top: 5px;margin-bottom: 5px;background-color: #d5a10c;height: 3px;\"><\/div>\n\n\t\t<\/div> \n\t<\/div> \n<\/div><\/div><div      class=\"vc_row wpb_row section vc_row-fluid\" style=' text-align:left;'><div class=\" full_section_inner clearfix\">\n\t<div class=\"vc_col-sm-12 wpb_column vc_column_container  vc_custom_1452699101696\">\n\t\t<div class=\"wpb_wrapper\">\n\t\t\t\n\t<div class=\"wpb_text_column wpb_content_element \">\n\t\t<div class=\"wpb_wrapper\">\n\t\t\t<ol>\n<li><em><strong>Pe ce dat\u0103 se va \u021bine interviul, \u0219i unde va avea loc?<\/strong><\/em><br \/>\nR: Daca v\u0103 califica\u021bi \u00een etapa de selec\u021bie, ve\u021bi fi anun\u021ba\u021bi prin e-mail, data de desf\u0103\u0219urare a interviului online, precum \u0219i alte informa\u021bii privind selec\u021bia. Aceste informa\u021bii sunt comunicate pe e-mail doar candida\u021bilor care s-au calificat dup\u0103 analiza dosarelor din punct de vedere social.<\/li>\n<li><em><strong>Din c\u00e2\u021bi membri este format\u0103 comisia \u0219i care sunt criteriile de jurizare?<\/strong><\/em><br \/>\nR: Num\u0103rul membrilor \u0219i identitatea lor nu va fi dezv\u0103luit\u0103 candida\u021bilor, anterior selec\u021biei. Candidatul va fi notat \u00een urma interviului \u0219i a probei, pentru muzic\u0103, respectiv analiza lucr\u0103rilor, pentru arte.<\/li>\n<li><em><strong>Pot sa iau burs\u0103 dac\u0103 lucrez?<\/strong><\/em><br \/>\nR: Dac\u0103 venitul pe membru de familie nu dep\u0103\u0219e\u0219te 2800 ron, net\/ lunar, candidatul este eligibil pentru ob\u021binerea bursei Tinere Talente.<\/li>\n<li><em><strong>Ce implic\u0103 mentoratele?<\/strong><\/em><br \/>\nR: Programul Tinere Talente ofer\u0103 bursierilor \u0219ansa s\u0103 cunoasc\u0103 personalit\u0103\u021bi din diverse domenii, \u00een cadrul \u00eent\u00e2lnirilor de mentorat. Tinerii vor avea ocazia s\u0103 discute cu arti\u0219ti, actori sau muzicieni de renume, care urmeaz\u0103 s\u0103-i \u00eendrume \u0219i sf\u0103tuiasc\u0103 pe parcursul anului.<\/li>\n<li><em><strong>Care este numarul maxim de lucr\u0103ri cu care pot s\u0103 m\u0103 prezint la interviu?<\/strong><\/em><br \/>\nR: Durata interviului \u0219i prezentarea lucr\u0103rilor dureaz\u0103 5-10 min. \u00a0Se recomand\u0103 un minim de 15 \u0219i un maxim de 25 de imagini cu lucr\u0103ri realizate \u00een ultimii 2 ani, iar portofoliul s\u0103 fie \u00eenso\u021bit de o scurt\u0103\u00a0 descriere a propriului demers artistic \u0219i a procesului creativ.<\/li>\n<li><em><strong>C\u00e2nd pot s\u0103 aflu nota pe care am luat-o \u00een urma interviului ?<\/strong><\/em><br \/>\nR: Notele nu vor fi\u00a0facute publice, doar lista cu candida\u021bii admi\u0219i, respectiv cei respin\u0219i. Rezultatele o s\u0103 fie publicate pe site-ul Funda\u021biei Regale Margareta a Romaniei, www.frmr.ro \u0219i pe site-ul tineretalente.org<\/li>\n<\/ol>\n\n\t\t<\/div> \n\t<\/div> \n\t\t<\/div> \n\t<\/div> \n<\/div><\/div>\n","protected":false},"excerpt":{"rendered":"Intrebari frecvente Pe ce dat\u0103 se va \u021bine interviul, \u0219i unde va avea loc? R: Daca v\u0103 califica\u021bi \u00een etapa de selec\u021bie, ve\u021bi fi anun\u021ba\u021bi prin e-mail, data de desf\u0103\u0219urare a interviului online, precum \u0219i alte informa\u021bii privind selec\u021bia. Aceste informa\u021bii sunt comunicate pe e-mail...","protected":false},"author":1,"featured_media":0,"parent":0,"menu_order":0,"comment_status":"closed","ping_status":"closed","template":"","meta":[],"_links":{"self":[{"href":"https:\/\/www.tineretalente.org\/index.php\/wp-json\/wp\/v2\/pages\/16769"}],"collection":[{"href":"https:\/\/www.tineretalente.org\/index.php\/wp-json\/wp\/v2\/pages"}],"about":[{"href":"https:\/\/www.tineretalente.org\/index.php\/wp-json\/wp\/v2\/types\/page"}],"author":[{"embeddable":true,"href":"https:\/\/www.tineretalente.org\/index.php\/wp-json\/wp\/v2\/users\/1"}],"replies":[{"embeddable":true,"href":"https:\/\/www.tineretalente.org\/index.php\/wp-json\/wp\/v2\/comments?post=16769"}],"version-history":[{"count":16,"href":"https:\/\/www.tineretalente.org\/index.php\/wp-json\/wp\/v2\/pages\/16769\/revisions"}],"predecessor-version":[{"id":19929,"href":"https:\/\/www.tineretalente.org\/index.php\/wp-json\/wp\/v2\/pages\/16769\/revisions\/19929"}],"wp:attachment":[{"href":"https:\/\/www.tineretalente.org\/index.php\/wp-json\/wp\/v2\/media?parent=16769"}],"curies":[{"name":"wp","href":"https:\/\/api.w.org\/{rel}","templated":true}]}}