{"id":16771,"date":"2015-10-16T18:41:36","date_gmt":"2015-10-16T15:41:36","guid":{"rendered":"http:\/\/tt.ksd.ro\/?page_id=16771"},"modified":"2026-02-04T00:31:33","modified_gmt":"2026-02-03T22:31:33","slug":"mentorat","status":"publish","type":"page","link":"https:\/\/www.tineretalente.org\/index.php\/mentorat\/","title":{"rendered":"Mentorat"},"content":{"rendered":"<div      class=\"vc_row wpb_row section vc_row-fluid\" style=' text-align:left;'><div class=\" full_section_inner clearfix\">\n\t<div class=\"vc_col-sm-12 wpb_column vc_column_container \">\n\t\t<div class=\"wpb_wrapper\">\n\t\t\t\n\t<div class=\"wpb_text_column wpb_content_element \">\n\t\t<div class=\"wpb_wrapper\">\n\t\t\t<h1>Mentorat<\/h1>\n\n\t\t<\/div> \n\t<\/div> <div class=\"separator  small left  \" style=\"margin-top: 5px;margin-bottom: 5px;background-color: #d5a10c;height: 3px;\"><\/div>\n\n\t\t<\/div> \n\t<\/div> \n<\/div><\/div><div      class=\"vc_row wpb_row section vc_row-fluid\" style=' text-align:left;'><div class=\" full_section_inner clearfix\">\n\t<div class=\"vc_col-sm-12 wpb_column vc_column_container \">\n\t\t<div class=\"wpb_wrapper\">\n\t\t\t\n\t<div class=\"wpb_text_column wpb_content_element  vc_custom_1452695716277\">\n\t\t<div class=\"wpb_wrapper\">\n\t\t\t<p>Programul de mentorat cu <strong>specific intergenera\u021bional<\/strong> este un element de unicitate al programului <em>Tinere Talente<\/em>. \u00a0Bursierii au \u0219ansa de a \u00eent\u00e2lni \u0219i de a \u00eenv\u0103\u021ba de la <strong>personalit\u0103\u021bi consacrate ale vie\u021bii artistice \u0219i culturale<\/strong>, prin sesiuni de discu\u021bii \u0219i ateliere de crea\u021bie organizate de Funda\u021bie cu frecven\u021b\u0103 lunar\u0103.<\/p>\n\n\t\t<\/div> \n\t<\/div> \n\t<div class=\"wpb_text_column wpb_content_element  vc_custom_1452695727610\">\n\t\t<div class=\"wpb_wrapper\">\n\t\t\t<p>Personalit\u0103\u021bi ale lumii culturale, arti\u0219ti cu o carier\u0103 de succes, \u00eendrum\u0103 pa\u0219ii tinerilor bursieri afla\u0163i la \u00eenceput de drum: \u00eemp\u0103rt\u0103\u0219esc din experien\u021bele lor artistice \u0219i de via\u021b\u0103, r\u0103spund \u00eentreb\u0103rilor \u0219i curiozit\u0103\u0163ilor, fac schimb de idei.<\/p>\n\n\t\t<\/div> \n\t<\/div> \n\t\t<\/div> \n\t<\/div> \n<\/div><\/div><div      class=\"vc_row wpb_row section vc_row-fluid\" style=' text-align:left;'><div class=\" full_section_inner clearfix\">\n\t<div class=\"vc_col-sm-12 wpb_column vc_column_container \">\n\t\t<div class=\"wpb_wrapper\">\n\t\t\t\n\t<div class=\"wpb_text_column wpb_content_element  vc_custom_1584364137312\">\n\t\t<div class=\"wpb_wrapper\">\n\t\t\t<p><strong>Mentorii programului \u00a0<em>Tinere Talente<\/em> \u00een 2020<\/strong><\/p>\n\n\t\t<\/div> \n\t<\/div> \n\t\t<\/div> \n\t<\/div> \n<\/div><\/div><div      class=\"vc_row wpb_row section vc_row-fluid\" style=' text-align:left;'><div class=\" full_section_inner clearfix\">\n\t<div class=\"vc_col-sm-12 wpb_column vc_column_container \">\n\t\t<div class=\"wpb_wrapper\">\n\t\t\t<div class=\"separator  small left  \" style=\"margin-top: 5px;margin-bottom: 5px;background-color: #cccccc;\"><\/div>\n\n\t\t<\/div> \n\t<\/div> \n<\/div><\/div><div      class=\"vc_row wpb_row section vc_row-fluid\" style=' text-align:left;'><div class=\" full_section_inner clearfix\">\n\t<div class=\"vc_col-sm-12 wpb_column vc_column_container \">\n\t\t<div class=\"wpb_wrapper\">\n\t\t\t\n\t<div class=\"wpb_text_column wpb_content_element \">\n\t\t<div class=\"wpb_wrapper\">\n\t\t\t<p><strong>ARTE VIZUALE<\/strong><\/p>\n<p><img loading=\"lazy\" class=\"size-full wp-image-18579 alignleft\" src=\"https:\/\/www.tineretalente.org\/wp-content\/uploads\/IDMarinescu-1.jpg\" alt=\"\" width=\"190\" height=\"190\" srcset=\"https:\/\/www.tineretalente.org\/wp-content\/uploads\/IDMarinescu-1.jpg 190w, https:\/\/www.tineretalente.org\/wp-content\/uploads\/IDMarinescu-1-150x150.jpg 150w\" sizes=\"(max-width: 190px) 100vw, 190px\" \/><strong>Ileana Dana Marinescu <\/strong><\/p>\n<p>Ileana Dana Marinescu s-a n\u0103scut \u00een 1944 la B\u0103ile\u0219ti, Dolj, \u0219i este artist vizual cu specializarea art\u0103 monumental\u0103. A absolvit cursurile Institutului de Arte Plastice \u201eNicolae Grigorescu\u201d Bucure\u0219ti \u00een 1968, iar la finalizarea studiilor de specialitate, devine membru al Uniunii Arti\u0219tilor Plastici din Rom\u00e2nia. \u00cen 2003 a primit premiul Uniunii Arti\u0219tilor Plastici pentru organizarea expozi\u021biei na\u021bionale \u201eMiniaturi Textile\u201d, iar \u00een 2004 prime\u0219te premiul Uniunii Arti\u0219tilor Plastici pentru \u201eArtele Focului\u201d. Lucr\u0103ri semnate Ileana Dana Marinescu se g\u0103sesc \u00een colec\u021bii private din: Rom\u00e2nia, Germania, Fran\u021ba, Belgia, Norvegia, Finlanda, Elve\u021bia, Marea Britanie, Africa de Sud, Thailanda, SUA.<\/p>\n\n\t\t<\/div> \n\t<\/div> \n\t\t<\/div> \n\t<\/div> \n<\/div><\/div><div      class=\"vc_row wpb_row section vc_row-fluid\" style=' text-align:left;'><div class=\" full_section_inner clearfix\">\n\t<div class=\"vc_col-sm-12 wpb_column vc_column_container \">\n\t\t<div class=\"wpb_wrapper\">\n\t\t\t<div class=\"separator  small left  \" style=\"margin-top: 5px;margin-bottom: 5px;background-color: #cccccc;\"><\/div>\n\n\t\t<\/div> \n\t<\/div> \n<\/div><\/div><div      class=\"vc_row wpb_row section vc_row-fluid\" style=' text-align:left;'><div class=\" full_section_inner clearfix\">\n\t<div class=\"vc_col-sm-12 wpb_column vc_column_container \">\n\t\t<div class=\"wpb_wrapper\">\n\t\t\t\n\t<div class=\"wpb_text_column wpb_content_element  vc_custom_1769593168283\">\n\t\t<div class=\"wpb_wrapper\">\n\t\t\t<p><img loading=\"lazy\" class=\"size-full wp-image-18569 alignleft\" src=\"https:\/\/www.tineretalente.org\/wp-content\/uploads\/CApetrei.jpg\" alt=\"\" width=\"190\" height=\"190\" srcset=\"https:\/\/www.tineretalente.org\/wp-content\/uploads\/CApetrei.jpg 190w, https:\/\/www.tineretalente.org\/wp-content\/uploads\/CApetrei-150x150.jpg 150w\" sizes=\"(max-width: 190px) 100vw, 190px\" \/><strong>Carmen Apetrei <\/strong><\/p>\n<p>Carmen Apetrei este\u00a0 \u00een prezent conferen\u021biar universitar \u0219i director al Departamentului Grafic\u0103 din cadrul Facult\u0103\u021bii de Arte Plastice a Universit\u0103\u021bii Na\u021bionale de Arte din Bucure\u0219ti. De asemenea, Carmen Apetrei este membr\u0103 a Clubului Ilustratorilor din Rom\u00e2nia, Asocia\u021biei de Grafic\u0103 Forte din Rom\u00e2nia \u0219i a Uniunii Artistilor Plastici din Rom\u00e2nia, sec\u021bia Grafic\u0103.<\/p>\n\n\t\t<\/div> \n\t<\/div> \n\t\t<\/div> \n\t<\/div> \n<\/div><\/div><div      class=\"vc_row wpb_row section vc_row-fluid\" style=' text-align:left;'><div class=\" full_section_inner clearfix\">\n\t<div class=\"vc_col-sm-12 wpb_column vc_column_container \">\n\t\t<div class=\"wpb_wrapper\">\n\t\t\t<div class=\"separator  normal left  \" style=\"margin-top: 25px;margin-bottom: 25px;background-color: #ffffff;\"><\/div>\n\n\t\t<\/div> \n\t<\/div> \n<\/div><\/div><div      class=\"vc_row wpb_row section vc_row-fluid\" style=' text-align:left;'><div class=\" full_section_inner clearfix\">\n\t<div class=\"vc_col-sm-12 wpb_column vc_column_container \">\n\t\t<div class=\"wpb_wrapper\">\n\t\t\t\n\t<div class=\"wpb_text_column wpb_content_element \">\n\t\t<div class=\"wpb_wrapper\">\n\t\t\t<p><strong><img loading=\"lazy\" class=\"wp-image-19960 size-full alignleft\" src=\"https:\/\/www.tineretalente.org\/wp-content\/uploads\/impact-TT-190-x-190-px.png\" alt=\"\" width=\"190\" height=\"190\" srcset=\"https:\/\/www.tineretalente.org\/wp-content\/uploads\/impact-TT-190-x-190-px.png 190w, https:\/\/www.tineretalente.org\/wp-content\/uploads\/impact-TT-190-x-190-px-150x150.png 150w\" sizes=\"(max-width: 190px) 100vw, 190px\" \/>Ion Anghel<\/strong><\/p>\n<p><strong>Ion Anghel<\/strong>\u00a0s-a n\u0103scut pe 17 februarie 1973 la Bucure\u0219ti \u0219i este membru Uniunii Arti\u0219tilor Plastici din Rom\u00e2nia, sec\u021bia Pictur\u0103. Este lector universitar la Universitatea Na\u021bional\u0103 de Arte din Bucure\u0219ti, departamentul Pictur\u0103 \u0219i Doctor \u00een arte vizuale cu teza \u201cDe la obiect la obiectualism \u00een artele vizuale contemporane\u201d, 2007.<\/p>\n<p>A participat la peste dou\u0103 sute de expozi\u021bii de grup, tabere, simpozioane \u0219i proiecte \u00een \u021bar\u0103 \u0219i str\u0103in\u0103tate.<\/p>\n<p>Ion Anghel a fost distins \u0219i cu numeroase premii \u0219i distinc\u021bii \u0219i anume: 1992 \u2013 Premiul Artexpo, Bucure\u0219ti \/ 1996 \u2013 Premiul Special Fleur d\u2019Eau, Bucure\u0219ti \/ 1999 \u2013 Premiul I \u201cConcursul de pictur\u0103 Accente \u0219i Amprente\u201d Bucure\u0219ti \/ 2002 \u2013 Premiul III pentru pictur\u0103, etc.<\/p>\n\n\t\t<\/div> \n\t<\/div> \n\t\t<\/div> \n\t<\/div> \n<\/div><\/div><div      class=\"vc_row wpb_row section vc_row-fluid\" style=' text-align:left;'><div class=\" full_section_inner clearfix\">\n\t<div class=\"vc_col-sm-12 wpb_column vc_column_container \">\n\t\t<div class=\"wpb_wrapper\">\n\t\t\t<div class=\"separator  normal left  \" style=\"margin-top: 25px;margin-bottom: 25px;background-color: #ffffff;\"><\/div>\n\n\t\t<\/div> \n\t<\/div> \n<\/div><\/div><div      class=\"vc_row wpb_row section vc_row-fluid\" style=' text-align:left;'><div class=\" full_section_inner clearfix\">\n\t<div class=\"vc_col-sm-12 wpb_column vc_column_container \">\n\t\t<div class=\"wpb_wrapper\">\n\t\t\t\n\t<div class=\"wpb_text_column wpb_content_element \">\n\t\t<div class=\"wpb_wrapper\">\n\t\t\t<p><strong><img loading=\"lazy\" class=\"size-full wp-image-18572 alignleft\" src=\"https:\/\/www.tineretalente.org\/wp-content\/uploads\/Vscripcariu.jpg\" alt=\"\" width=\"190\" height=\"190\" srcset=\"https:\/\/www.tineretalente.org\/wp-content\/uploads\/Vscripcariu.jpg 190w, https:\/\/www.tineretalente.org\/wp-content\/uploads\/Vscripcariu-150x150.jpg 150w\" sizes=\"(max-width: 190px) 100vw, 190px\" \/>Virgil Scripcariu<\/strong><\/p>\n<p>Virgil Scripcariu este unul dintre cei mai originali \u0219i promi\u021b\u0103tori sculptori rom\u00e2ni contemporani. A studiat sculptura la UNA Bucure\u0219ti. A fost bursier Theodor Aman \u00een 2003, al UAP \u00een 2005 \u0219i finalist al marelui premiu Prometheus Opera Prima \u00een 2004. Scripcariu a expus memorabil \u2013 prototipul obiectului de design Bubico \u2013 la Bienala de arhitectur\u0103 de la Vene\u021bia \u00een 2008, unde a \u015fi contribuit la conceptul \u0219i structura Pavilionului Rom\u00e2niei. Artistul a participat la numeroase expozi\u021bii \u00een \u021bar\u0103: Romanian Design Week \u00een 2013, expozi\u021bia de grup Lemn.ro de la MNAC \u00een 2010, \u0219i de pe plan interna\u021bional, \u00een Israel, Belgia, Japonia, etc.\u00a0 Tr\u0103ie\u0219te \u0219i lucreaz\u0103 \u00een satul Piscu, l\u00e2ng\u0103 Bucure\u0219ti, Rom\u00e2nia, unde este implicat \u00een programe de educa\u021bie prin art\u0103 pentru adul\u021bi \u0219i copii.<\/p>\n\n\t\t<\/div> \n\t<\/div> \n\t\t<\/div> \n\t<\/div> \n<\/div><\/div><div      class=\"vc_row wpb_row section vc_row-fluid\" style=' text-align:left;'><div class=\" full_section_inner clearfix\">\n\t<div class=\"vc_col-sm-12 wpb_column vc_column_container \">\n\t\t<div class=\"wpb_wrapper\">\n\t\t\t<div class=\"separator  normal left  \" style=\"margin-top: 25px;margin-bottom: 25px;background-color: #ffffff;\"><\/div>\n\n\t\t<\/div> \n\t<\/div> \n<\/div><\/div><div      class=\"vc_row wpb_row section vc_row-fluid\" style=' text-align:left;'><div class=\" full_section_inner clearfix\">\n\t<div class=\"vc_col-sm-12 wpb_column vc_column_container \">\n\t\t<div class=\"wpb_wrapper\">\n\t\t\t\n\t<div class=\"wpb_text_column wpb_content_element \">\n\t\t<div class=\"wpb_wrapper\">\n\t\t\t<p><strong>MUZIC\u0102<\/strong><\/p>\n<p><img loading=\"lazy\" class=\"size-full wp-image-18576 alignleft\" src=\"https:\/\/www.tineretalente.org\/wp-content\/uploads\/VMaier-bw.jpg\" alt=\"\" width=\"190\" height=\"190\" srcset=\"https:\/\/www.tineretalente.org\/wp-content\/uploads\/VMaier-bw.jpg 190w, https:\/\/www.tineretalente.org\/wp-content\/uploads\/VMaier-bw-150x150.jpg 150w\" sizes=\"(max-width: 190px) 100vw, 190px\" \/><strong>Verona Maier<\/strong><\/p>\n<p>Verona Maier a absolvit sec\u021bia pian a Conservatorului &#8220;Ciprian Porumbescu&#8221;, actualmente Universitatea Na\u021bional\u0103 de Muzic\u0103, la clasa profesoarelor Ioana Minei \u0219i Ana Pitti\u0219. \u00cen anul 2006 ob\u021bine titlul de doctor \u00een muzic\u0103 al aceleia\u0219i universit\u0103\u021bi, unde \u00een prezent este profesor universitar \u2013 disciplina Muzic\u0103 de camer\u0103, \u00een cadrul Facult\u0103\u021bii de Interpretare muzical\u0103. Din 2016, este prorector al institu\u021biei. \u00cen paralel cu activitatea pedagogic\u0103, pe care o desf\u0103\u0219oar\u0103 din 1990 la UNMB, Verona Maier are o bogat\u0103 activitate artistic\u0103, \u00eensum\u00e2nd numeroase concerte \u0219i recitaluri sus\u021binute \u00een Rom\u00e2nia \u0219i \u00een toat\u0103 Europa, particip\u0103ri la festivaluri interna\u021bionale, jurii \u0219i sus\u021binerea de masterclass, \u00eenregistr\u0103ri \u0219i emisiuni radio \u0219i TV, CD-uri editate \u00een \u021bar\u0103 \u0219i str\u0103in\u0103tate. \u00cen anul 2004 Pre\u0219edin\u021bia Rom\u00e2niei decerneaz\u0103 Veronei Maier ordinul &#8220;Meritul cultural&#8221;- clasa I.<\/p>\n\n\t\t<\/div> \n\t<\/div> \n\t\t<\/div> \n\t<\/div> \n<\/div><\/div><div      class=\"vc_row wpb_row section vc_row-fluid\" style=' text-align:left;'><div class=\" full_section_inner clearfix\">\n\t<div class=\"vc_col-sm-12 wpb_column vc_column_container \">\n\t\t<div class=\"wpb_wrapper\">\n\t\t\t<div class=\"separator  normal left  \" style=\"margin-top: 25px;margin-bottom: 25px;background-color: #ffffff;\"><\/div>\n\n\t\t<\/div> \n\t<\/div> \n<\/div><\/div><div      class=\"vc_row wpb_row section vc_row-fluid\" style=' text-align:left;'><div class=\" full_section_inner clearfix\">\n\t<div class=\"vc_col-sm-12 wpb_column vc_column_container \">\n\t\t<div class=\"wpb_wrapper\">\n\t\t\t\n\t<div class=\"wpb_text_column wpb_content_element \">\n\t\t<div class=\"wpb_wrapper\">\n\t\t\t<p><img loading=\"lazy\" class=\"size-full wp-image-18582 alignleft\" src=\"https:\/\/www.tineretalente.org\/wp-content\/uploads\/RButaru.jpg\" alt=\"\" width=\"190\" height=\"190\" srcset=\"https:\/\/www.tineretalente.org\/wp-content\/uploads\/RButaru.jpg 190w, https:\/\/www.tineretalente.org\/wp-content\/uploads\/RButaru-150x150.jpg 150w\" sizes=\"(max-width: 190px) 100vw, 190px\" \/><strong>Rafael Butaru<\/strong><\/p>\n<p>Concertmaestru al Operei Na\u021bionale din Bucure\u0219ti, al Orchestrei Rom\u00e2ne de Tineret a Rom\u00e2niei \u0219i al Orchestrei Simfonice Na\u021bionale Rom\u00e2ne, violonistul Rafael Butaru este o prezen\u021b\u0103 constant\u0103 pe scenele muzicale na\u021bionale \u0219i interna\u021bionale. Licen\u021biat al Academiei \u201eGheorghe Dima\u201d din Cluj-Napoca, Rafael Butaru este c\u00e2\u0219tig\u0103tor a numeroase premii la concursuri na\u021bionale \u0219i interna\u021bionale \u0219i a participat la cursuri de m\u0103iestrie precum cursul de orchestr\u0103 \u0219i vioar\u0103 sus\u021binute de Adam Fischer \u0219i membrii ai Orchestrei Filarmonicii din Viena, cursuri de muzic\u0103 veche \u0219i perfec\u021bionare instrumental\u0103, cursurile interna\u021bionale de muzic\u0103 de camer\u0103 . Este numit \u201ePrieten al Funda\u021biei Regale Margareta a Rom\u00e2niei\u201d \u00een cadrul programului na\u021bional Tinere Talente, \u00een urma invita\u021biei ca lector \u0219i mentor la masterclass-ul de preg\u0103tire a tinerilor muzicieni\u00a0 \u0219i membru al juriului \u00een cadrul selec\u021biei bursierilor din 2015 p\u00e2n\u0103 \u00een prezent.<\/p>\n\n\t\t<\/div> \n\t<\/div> \n\t\t<\/div> \n\t<\/div> \n<\/div><\/div><div      class=\"vc_row wpb_row section vc_row-fluid\" style=' text-align:left;'><div class=\" full_section_inner clearfix\">\n\t<div class=\"vc_col-sm-12 wpb_column vc_column_container \">\n\t\t<div class=\"wpb_wrapper\">\n\t\t\t<div class=\"separator  normal left  \" style=\"margin-top: 25px;margin-bottom: 25px;background-color: #ffffff;\"><\/div>\n\n\t\t<\/div> \n\t<\/div> \n<\/div><\/div><div      class=\"vc_row wpb_row section vc_row-fluid\" style=' text-align:left;'><div class=\" full_section_inner clearfix\">\n\t<div class=\"vc_col-sm-12 wpb_column vc_column_container \">\n\t\t<div class=\"wpb_wrapper\">\n\t\t\t\n\t<div class=\"wpb_text_column wpb_content_element \">\n\t\t<div class=\"wpb_wrapper\">\n\t\t\t<p><strong><img loading=\"lazy\" class=\"size-full wp-image-18583 alignleft\" src=\"https:\/\/www.tineretalente.org\/wp-content\/uploads\/TSoare.jpg\" alt=\"\" width=\"190\" height=\"190\" srcset=\"https:\/\/www.tineretalente.org\/wp-content\/uploads\/TSoare.jpg 190w, https:\/\/www.tineretalente.org\/wp-content\/uploads\/TSoare-150x150.jpg 150w\" sizes=\"(max-width: 190px) 100vw, 190px\" \/><\/strong><\/p>\n<p><strong>Tiberiu Soare<\/strong><\/p>\n<p>Tiberiu Soare s-a n\u0103scut pe 3 ianuarie 1977 \u00een Bucure\u015fti \u0219i este absolvent a dou\u0103 dintre facult\u0103\u0163ile Universit\u0103\u0163ii de Muzic\u0103 din Bucure\u015fti: Facultatea de Interpretare Muzical\u0103, Sec\u0163ia Instrumental\u0103 (Tuba) \u015fi Facultatea de Compozi\u0163ie \u015fi Pedagogie Muzical\u0103, Sec\u0163ia Dirijat Orchestr\u0103. \u00cen 2018 a ob\u021binut titlul de Doctor \u00een muzic\u0103 la Universitatea Na\u021bional\u0103 de Muzic\u0103 Bucure\u0219ti, iar \u00een prezent este conf. univ. dr. al Universit\u0103\u021bii Na\u0163ionale de Muzic\u0103 Bucure\u015fti, Facultatea de Compozi\u021bie, Muzicologie \u0219i Pedagogie Muzical\u0103. \u00cen mai 2018, Casa Regal\u0103 a Rom\u00e2niei i-a acordat lui Tiberiu Soare distinc\u0163ia \u201eOrdinul Coroana Rom\u00e2niei \u00een Grad de Ofi\u021ber\u201d. Tiberiu Soare colaboreaz\u0103 frecvent cu principalele Orchestre Simfonice \u015fi Teatre de Oper\u0103 din Rom\u00e2nia, iar pe plan interna\u021bional colaboreaz\u0103 cu numeroase ansambluri de prestigiu.<\/p>\n<p><strong>\u00a0<\/strong><\/p>\n\n\t\t<\/div> \n\t<\/div> \n\t\t<\/div> \n\t<\/div> \n<\/div><\/div><div      class=\"vc_row wpb_row section vc_row-fluid\" style=' text-align:left;'><div class=\" full_section_inner clearfix\">\n\t<div class=\"vc_col-sm-12 wpb_column vc_column_container \">\n\t\t<div class=\"wpb_wrapper\">\n\t\t\t<div class=\"separator  normal left  \" style=\"margin-top: 25px;margin-bottom: 25px;background-color: #ffffff;\"><\/div>\n\n\t\t<\/div> \n\t<\/div> \n<\/div><\/div><div      class=\"vc_row wpb_row section vc_row-fluid\" style=' text-align:left;'><div class=\" full_section_inner clearfix\">\n\t<div class=\"vc_col-sm-12 wpb_column vc_column_container \">\n\t\t<div class=\"wpb_wrapper\">\n\t\t\t\n\t<div class=\"wpb_text_column wpb_content_element \">\n\t\t<div class=\"wpb_wrapper\">\n\t\t\t<p><strong><img loading=\"lazy\" class=\"wp-image-19963 size-full alignleft\" src=\"https:\/\/www.tineretalente.org\/wp-content\/uploads\/impact-TT-190-x-190-px-1.png\" alt=\"\" width=\"190\" height=\"190\" srcset=\"https:\/\/www.tineretalente.org\/wp-content\/uploads\/impact-TT-190-x-190-px-1.png 190w, https:\/\/www.tineretalente.org\/wp-content\/uploads\/impact-TT-190-x-190-px-1-150x150.png 150w\" sizes=\"(max-width: 190px) 100vw, 190px\" \/><\/strong><\/p>\n<p><strong>Emil Vi\u0219enescu<\/strong><\/p>\n<p>Emil Visenescu este unul dintre cei mai aprecia\u021bi clarineti\u0219ti rom\u00e2ni. N\u0103scut \u00een 1969, a absolvit \u00een 1993 cursurile Universit\u0103\u021bii Na\u021bionale de Muzic\u0103 Bucure\u0219ti, sec\u021bia clarinet. A sus\u021binut, de-a lungul timpului, concerte \u0219i turnee \u00een Belgia, Olanda, Luxemburg, Grecia, Spania, Italia, Austria, Germania, Japonia, Elve\u021bia, Polonia.<\/p>\n<p>Printre premiile care i s-au acordat se num\u0103r\u0103 Premiul I la Concursul Interna\u021bional Jeunesse Musicales \u2013 Bucure\u0219ti (1996), Premiul Martha Moser- Biel (Elvetia, in 2000), Premiul Tscumi Musik Preis- Berna (Elve\u021bia, 2002).<\/p>\n<p><strong>\u00a0<\/strong><\/p>\n\n\t\t<\/div> \n\t<\/div> \n\t\t<\/div> \n\t<\/div> \n<\/div><\/div><div      class=\"vc_row wpb_row section vc_row-fluid\" style=' text-align:left;'><div class=\" full_section_inner clearfix\">\n\t<div class=\"vc_col-sm-12 wpb_column vc_column_container \">\n\t\t<div class=\"wpb_wrapper\">\n\t\t\t<div class=\"separator  normal left  \" style=\"margin-top: 15px;margin-bottom: 15px;background-color: #ffffff;\"><\/div>\n\n\t\t<\/div> \n\t<\/div> \n<\/div><\/div><div      class=\"vc_row wpb_row section vc_row-fluid\" style=' text-align:left;'><div class=\" full_section_inner clearfix\">\n\t<div class=\"vc_col-sm-12 wpb_column vc_column_container \">\n\t\t<div class=\"wpb_wrapper\">\n\t\t\t<div class=\"separator  normal left  \" style=\"margin-top: 25px;margin-bottom: 25px;background-color: #ffffff;\"><\/div>\n\n\t\t<\/div> \n\t<\/div> \n<\/div><\/div>\n","protected":false},"excerpt":{"rendered":"Mentorat Programul de mentorat cu specific intergenera\u021bional este un element de unicitate al programului Tinere Talente. \u00a0Bursierii au \u0219ansa de a \u00eent\u00e2lni \u0219i de a \u00eenv\u0103\u021ba de la personalit\u0103\u021bi consacrate ale vie\u021bii artistice \u0219i culturale, prin sesiuni de discu\u021bii \u0219i ateliere de crea\u021bie organizate de...","protected":false},"author":1,"featured_media":0,"parent":0,"menu_order":0,"comment_status":"closed","ping_status":"closed","template":"","meta":[],"_links":{"self":[{"href":"https:\/\/www.tineretalente.org\/index.php\/wp-json\/wp\/v2\/pages\/16771"}],"collection":[{"href":"https:\/\/www.tineretalente.org\/index.php\/wp-json\/wp\/v2\/pages"}],"about":[{"href":"https:\/\/www.tineretalente.org\/index.php\/wp-json\/wp\/v2\/types\/page"}],"author":[{"embeddable":true,"href":"https:\/\/www.tineretalente.org\/index.php\/wp-json\/wp\/v2\/users\/1"}],"replies":[{"embeddable":true,"href":"https:\/\/www.tineretalente.org\/index.php\/wp-json\/wp\/v2\/comments?post=16771"}],"version-history":[{"count":42,"href":"https:\/\/www.tineretalente.org\/index.php\/wp-json\/wp\/v2\/pages\/16771\/revisions"}],"predecessor-version":[{"id":19968,"href":"https:\/\/www.tineretalente.org\/index.php\/wp-json\/wp\/v2\/pages\/16771\/revisions\/19968"}],"wp:attachment":[{"href":"https:\/\/www.tineretalente.org\/index.php\/wp-json\/wp\/v2\/media?parent=16771"}],"curies":[{"name":"wp","href":"https:\/\/api.w.org\/{rel}","templated":true}]}}